{"id":201,"date":"2014-10-08T19:42:57","date_gmt":"2014-10-08T17:42:57","guid":{"rendered":"http:\/\/www.gynmed-pasing.de\/wp\/?page_id=201"},"modified":"2022-02-21T16:58:01","modified_gmt":"2022-02-21T14:58:01","slug":"rezeptformular","status":"publish","type":"page","link":"https:\/\/www.gynmed-pasing.de\/wp\/rezeptformular\/","title":{"rendered":"Rezeptformular"},"content":{"rendered":"<p><strong><span style=\"color: #99cc00;\">REZEPTFORMULAR<\/span><\/strong><\/p>\n<p>Liebe Patientinnen,<\/p>\n<p>um Ihnen unn\u00f6tige Wartezeiten an der Rezeption zu ersparen, haben Sie hier die M\u00f6glichkeit ein Rezept oder eine \u00dcberweisung anzufordern. Bitte f\u00fcllen Sie die folgenden Felder aus, Sie k\u00f6nnen das Rezept zu unseren <a title=\"SPRECHZEITEN\" href=\"http:\/\/www.gynmed-pasing.de\/wp\/kontakt\/\" target=\"_blank\" rel=\"noopener\">Praxis\u00f6ffnungszeiten<\/a> abholen.<br \/>\nSie k\u00f6nnen uns Ihre Versichertenkarte und den Rezeptwunsch auch gerne mit einem frankierten R\u00fcckumschlag zusenden.<br \/>\nBitte vergessen Sie Ihre Versicherungskarte bei Abholung nicht.<\/p>\n\n<div class=\"wpcf7 no-js\" id=\"wpcf7-f200-o1\" lang=\"de-DE\" dir=\"ltr\" data-wpcf7-id=\"200\">\n<div class=\"screen-reader-response\"><p role=\"status\" aria-live=\"polite\" aria-atomic=\"true\"><\/p> <ul><\/ul><\/div>\n<form action=\"\/wp\/wp-json\/wp\/v2\/pages\/201#wpcf7-f200-o1\" method=\"post\" class=\"wpcf7-form init wpcf7-acceptance-as-validation\" aria-label=\"Kontaktformular\" novalidate=\"novalidate\" data-status=\"init\">\n<fieldset class=\"hidden-fields-container\"><input type=\"hidden\" name=\"_wpcf7\" value=\"200\" \/><input type=\"hidden\" name=\"_wpcf7_version\" value=\"6.1.5\" \/><input type=\"hidden\" name=\"_wpcf7_locale\" value=\"de_DE\" \/><input type=\"hidden\" name=\"_wpcf7_unit_tag\" value=\"wpcf7-f200-o1\" \/><input type=\"hidden\" name=\"_wpcf7_container_post\" value=\"0\" \/><input type=\"hidden\" name=\"_wpcf7_posted_data_hash\" value=\"\" \/>\n<\/fieldset>\n<p>Ihr Vorname (Pflichtfeld)\n<\/p>\n<p><span class=\"wpcf7-form-control-wrap\" data-name=\"your-prename\"><input size=\"40\" maxlength=\"400\" class=\"wpcf7-form-control wpcf7-text wpcf7-validates-as-required\" aria-required=\"true\" aria-invalid=\"false\" value=\"\" type=\"text\" name=\"your-prename\" \/><\/span>\n<\/p>\n<p>Ihr Name (Pflichtfeld)\n<\/p>\n<p><span class=\"wpcf7-form-control-wrap\" data-name=\"your-name\"><input size=\"40\" maxlength=\"400\" class=\"wpcf7-form-control wpcf7-text wpcf7-validates-as-required\" aria-required=\"true\" aria-invalid=\"false\" value=\"\" type=\"text\" name=\"your-name\" \/><\/span>\n<\/p>\n<p>Ihr Geburtsdatum (Pflichtfeld)\n<\/p>\n<p><span class=\"wpcf7-form-control-wrap\" data-name=\"your-birthdate\"><input size=\"40\" maxlength=\"400\" class=\"wpcf7-form-control wpcf7-text wpcf7-validates-as-required\" aria-required=\"true\" aria-invalid=\"false\" value=\"\" type=\"text\" name=\"your-birthdate\" \/><\/span>\n<\/p>\n<p>Ihre Krankenkasse (Pflichtfeld)\n<\/p>\n<p><span class=\"wpcf7-form-control-wrap\" data-name=\"your-assurance\"><input size=\"40\" maxlength=\"400\" class=\"wpcf7-form-control wpcf7-text wpcf7-validates-as-required\" aria-required=\"true\" aria-invalid=\"false\" value=\"\" type=\"text\" name=\"your-assurance\" \/><\/span>\n<\/p>\n<p>Ihre Telefonnummer (Pflichtfeld)\n<\/p>\n<p><span class=\"wpcf7-form-control-wrap\" data-name=\"your-telefon\"><input size=\"40\" maxlength=\"400\" class=\"wpcf7-form-control wpcf7-tel wpcf7-validates-as-required wpcf7-text wpcf7-validates-as-tel\" aria-required=\"true\" aria-invalid=\"false\" value=\"\" type=\"tel\" name=\"your-telefon\" \/><\/span>\n<\/p>\n<p>Ihre E-Mail-Adresse (Pflichtfeld)\n<\/p>\n<p><span class=\"wpcf7-form-control-wrap\" data-name=\"your-email\"><input size=\"40\" maxlength=\"400\" class=\"wpcf7-form-control wpcf7-email wpcf7-validates-as-required wpcf7-text wpcf7-validates-as-email\" aria-required=\"true\" aria-invalid=\"false\" value=\"\" type=\"email\" name=\"your-email\" \/><\/span>\n<\/p>\n<p>Ihr Rezept-\/\u00dcberweisungswunsch (Pflichtfeld)\n<\/p>\n<p><span class=\"wpcf7-form-control-wrap\" data-name=\"your-message\"><textarea cols=\"40\" rows=\"10\" maxlength=\"2000\" class=\"wpcf7-form-control wpcf7-textarea wpcf7-validates-as-required\" aria-required=\"true\" aria-invalid=\"false\" name=\"your-message\"><\/textarea><\/span>\n<\/p>\n<p><input type=\"hidden\" name=\"_wpcf7_captcha_challenge_captcha-713\" value=\"3690463502\" \/><img loading=\"lazy\" decoding=\"async\" class=\"wpcf7-form-control wpcf7-captchac wpcf7-captcha-captcha-713\" width=\"72\" height=\"24\" alt=\"captcha\" src=\"https:\/\/www.gynmed-pasing.de\/wp\/wp-content\/uploads\/wpcf7_captcha\/3690463502.png\" \/>\n<\/p>\n<p>Bitte geben Sie den oben angezeigten Code ein:\n<\/p>\n<p><span class=\"wpcf7-form-control-wrap\" data-name=\"captcha-713\"><input size=\"40\" class=\"wpcf7-form-control wpcf7-captchar\" autocomplete=\"off\" aria-invalid=\"false\" value=\"\" type=\"text\" name=\"captcha-713\" \/><\/span>\n<\/p>\n<p><span class=\"wpcf7-form-control-wrap\" data-name=\"acceptance-90\"><span class=\"wpcf7-form-control wpcf7-acceptance\"><span class=\"wpcf7-list-item\"><input type=\"checkbox\" name=\"acceptance-90\" value=\"1\" aria-invalid=\"false\" \/><\/span><\/span><\/span> Sie erkl\u00e4ren sich damit einverstanden, dass Ihre Daten zur Bearbeitung Ihres Anliegens verwendet werden. Informationen zur Verarbeitung Ihrer Daten, zum Datenschutz und Widerrufshinweise finden Sie in unserer <a href=\"\/wp\/datenschutz\/\" target=\"_blank\">Datenschutzerkl\u00e4rung<\/a>.<br \/>\n(Pflichtfeld)\n<\/p>\n<p><input class=\"wpcf7-form-control wpcf7-submit has-spinner\" type=\"submit\" value=\"Senden\" \/>\n<\/p><div class=\"wpcf7-response-output\" aria-hidden=\"true\"><\/div>\n<\/form>\n<\/div>\n\n","protected":false},"excerpt":{"rendered":"<p>REZEPTFORMULAR Liebe Patientinnen, um Ihnen unn\u00f6tige Wartezeiten an der Rezeption zu ersparen, haben Sie hier die M\u00f6glichkeit ein Rezept oder eine \u00dcberweisung anzufordern. Bitte f\u00fcllen Sie die folgenden Felder aus, Sie k\u00f6nnen das Rezept zu &hellip; <a href=\"https:\/\/www.gynmed-pasing.de\/wp\/rezeptformular\/\">Weiterlesen<\/a><\/p>\n","protected":false},"author":1,"featured_media":0,"parent":0,"menu_order":0,"comment_status":"closed","ping_status":"closed","template":"","meta":{"footnotes":""},"class_list":["post-201","page","type-page","status-publish","hentry"],"_links":{"self":[{"href":"https:\/\/www.gynmed-pasing.de\/wp\/wp-json\/wp\/v2\/pages\/201","targetHints":{"allow":["GET"]}}],"collection":[{"href":"https:\/\/www.gynmed-pasing.de\/wp\/wp-json\/wp\/v2\/pages"}],"about":[{"href":"https:\/\/www.gynmed-pasing.de\/wp\/wp-json\/wp\/v2\/types\/page"}],"author":[{"embeddable":true,"href":"https:\/\/www.gynmed-pasing.de\/wp\/wp-json\/wp\/v2\/users\/1"}],"replies":[{"embeddable":true,"href":"https:\/\/www.gynmed-pasing.de\/wp\/wp-json\/wp\/v2\/comments?post=201"}],"version-history":[{"count":10,"href":"https:\/\/www.gynmed-pasing.de\/wp\/wp-json\/wp\/v2\/pages\/201\/revisions"}],"predecessor-version":[{"id":746,"href":"https:\/\/www.gynmed-pasing.de\/wp\/wp-json\/wp\/v2\/pages\/201\/revisions\/746"}],"wp:attachment":[{"href":"https:\/\/www.gynmed-pasing.de\/wp\/wp-json\/wp\/v2\/media?parent=201"}],"curies":[{"name":"wp","href":"https:\/\/api.w.org\/{rel}","templated":true}]}}